{"id":12253,"date":"2026-03-26T07:05:51","date_gmt":"2026-03-26T07:05:51","guid":{"rendered":"https:\/\/hagasouvenir.se\/?product=staende-algfigurmed-skylt-gron-10cm"},"modified":"2026-03-26T07:05:51","modified_gmt":"2026-03-26T07:05:51","slug":"staende-algfigurmed-skylt-gron-10cm","status":"publish","type":"product","link":"https:\/\/hagasouvenir.se\/de\/produkt-2\/staende-algfigurmed-skylt-gron-10cm\/","title":{"rendered":"St\u00e5ende \u00c4lgfigurmed skylt, gr\u00f6n, 10cm"},"content":{"rendered":"","protected":false},"excerpt":{"rendered":"","protected":false},"featured_media":7558,"comment_status":"open","ping_status":"closed","template":"","meta":[],"product_brand":[],"product_cat":[53],"product_tag":[],"class_list":{"0":"post-12253","1":"product","2":"type-product","3":"status-publish","4":"has-post-thumbnail","6":"product_cat-figurer-och-dekorationer","8":"first","9":"instock","10":"taxable","11":"shipping-taxable","12":"purchasable","13":"product-type-simple"},"jetpack_sharing_enabled":true,"_links":{"self":[{"href":"https:\/\/hagasouvenir.se\/de\/wp-json\/wp\/v2\/product\/12253","targetHints":{"allow":["GET"]}}],"collection":[{"href":"https:\/\/hagasouvenir.se\/de\/wp-json\/wp\/v2\/product"}],"about":[{"href":"https:\/\/hagasouvenir.se\/de\/wp-json\/wp\/v2\/types\/product"}],"replies":[{"embeddable":true,"href":"https:\/\/hagasouvenir.se\/de\/wp-json\/wp\/v2\/comments?post=12253"}],"wp:featuredmedia":[{"embeddable":true,"href":"https:\/\/hagasouvenir.se\/de\/wp-json\/wp\/v2\/media\/7558"}],"wp:attachment":[{"href":"https:\/\/hagasouvenir.se\/de\/wp-json\/wp\/v2\/media?parent=12253"}],"wp:term":[{"taxonomy":"product_brand","embeddable":true,"href":"https:\/\/hagasouvenir.se\/de\/wp-json\/wp\/v2\/product_brand?post=12253"},{"taxonomy":"product_cat","embeddable":true,"href":"https:\/\/hagasouvenir.se\/de\/wp-json\/wp\/v2\/product_cat?post=12253"},{"taxonomy":"product_tag","embeddable":true,"href":"https:\/\/hagasouvenir.se\/de\/wp-json\/wp\/v2\/product_tag?post=12253"}],"curies":[{"name":"wp","href":"https:\/\/api.w.org\/{rel}","templated":true}]}}