{"id":12560,"date":"2026-03-26T07:06:25","date_gmt":"2026-03-26T07:06:25","guid":{"rendered":"https:\/\/hagasouvenir.se\/?product=canvasvaska-atervunnet-tyg-gront"},"modified":"2026-03-26T07:06:25","modified_gmt":"2026-03-26T07:06:25","slug":"canvasvaska-atervunnet-tyg-gront","status":"publish","type":"product","link":"https:\/\/hagasouvenir.se\/de\/produkt-2\/canvasvaska-atervunnet-tyg-gront\/","title":{"rendered":"Canvasv\u00e4ska \u00e5tervunnet tyg, gr\u00f6nt"},"content":{"rendered":"","protected":false},"excerpt":{"rendered":"","protected":false},"featured_media":7407,"comment_status":"open","ping_status":"closed","template":"","meta":[],"product_brand":[],"product_cat":[104],"product_tag":[],"class_list":{"0":"post-12560","1":"product","2":"type-product","3":"status-publish","4":"has-post-thumbnail","6":"product_cat-vaskor-tygkasse-planbocker","8":"first","9":"instock","10":"taxable","11":"shipping-taxable","12":"purchasable","13":"product-type-simple"},"jetpack_sharing_enabled":true,"_links":{"self":[{"href":"https:\/\/hagasouvenir.se\/de\/wp-json\/wp\/v2\/product\/12560","targetHints":{"allow":["GET"]}}],"collection":[{"href":"https:\/\/hagasouvenir.se\/de\/wp-json\/wp\/v2\/product"}],"about":[{"href":"https:\/\/hagasouvenir.se\/de\/wp-json\/wp\/v2\/types\/product"}],"replies":[{"embeddable":true,"href":"https:\/\/hagasouvenir.se\/de\/wp-json\/wp\/v2\/comments?post=12560"}],"wp:featuredmedia":[{"embeddable":true,"href":"https:\/\/hagasouvenir.se\/de\/wp-json\/wp\/v2\/media\/7407"}],"wp:attachment":[{"href":"https:\/\/hagasouvenir.se\/de\/wp-json\/wp\/v2\/media?parent=12560"}],"wp:term":[{"taxonomy":"product_brand","embeddable":true,"href":"https:\/\/hagasouvenir.se\/de\/wp-json\/wp\/v2\/product_brand?post=12560"},{"taxonomy":"product_cat","embeddable":true,"href":"https:\/\/hagasouvenir.se\/de\/wp-json\/wp\/v2\/product_cat?post=12560"},{"taxonomy":"product_tag","embeddable":true,"href":"https:\/\/hagasouvenir.se\/de\/wp-json\/wp\/v2\/product_tag?post=12560"}],"curies":[{"name":"wp","href":"https:\/\/api.w.org\/{rel}","templated":true}]}}