{"id":12618,"date":"2026-03-26T07:06:32","date_gmt":"2026-03-26T07:06:32","guid":{"rendered":"https:\/\/hagasouvenir.se\/?product=mumin-varmeljushallare-skal-muminmamma-orange"},"modified":"2026-03-26T07:06:32","modified_gmt":"2026-03-26T07:06:32","slug":"mumin-varmeljushallare-skal-muminmamma-orange","status":"publish","type":"product","link":"https:\/\/hagasouvenir.se\/de\/produkt-2\/mumin-varmeljushallare-skal-muminmamma-orange\/","title":{"rendered":"Mumin V\u00e4rmeljush\u00e5llare &#8211; Sk\u00e5l &#8211; Muminmamma Orange"},"content":{"rendered":"","protected":false},"excerpt":{"rendered":"","protected":false},"featured_media":9126,"comment_status":"open","ping_status":"closed","template":"","meta":[],"product_brand":[],"product_cat":[51],"product_tag":[],"class_list":{"0":"post-12618","1":"product","2":"type-product","3":"status-publish","4":"has-post-thumbnail","6":"product_cat-moomin-produkter","8":"first","9":"instock","10":"shipping-taxable","11":"purchasable","12":"product-type-simple"},"jetpack_sharing_enabled":true,"_links":{"self":[{"href":"https:\/\/hagasouvenir.se\/de\/wp-json\/wp\/v2\/product\/12618","targetHints":{"allow":["GET"]}}],"collection":[{"href":"https:\/\/hagasouvenir.se\/de\/wp-json\/wp\/v2\/product"}],"about":[{"href":"https:\/\/hagasouvenir.se\/de\/wp-json\/wp\/v2\/types\/product"}],"replies":[{"embeddable":true,"href":"https:\/\/hagasouvenir.se\/de\/wp-json\/wp\/v2\/comments?post=12618"}],"wp:featuredmedia":[{"embeddable":true,"href":"https:\/\/hagasouvenir.se\/de\/wp-json\/wp\/v2\/media\/9126"}],"wp:attachment":[{"href":"https:\/\/hagasouvenir.se\/de\/wp-json\/wp\/v2\/media?parent=12618"}],"wp:term":[{"taxonomy":"product_brand","embeddable":true,"href":"https:\/\/hagasouvenir.se\/de\/wp-json\/wp\/v2\/product_brand?post=12618"},{"taxonomy":"product_cat","embeddable":true,"href":"https:\/\/hagasouvenir.se\/de\/wp-json\/wp\/v2\/product_cat?post=12618"},{"taxonomy":"product_tag","embeddable":true,"href":"https:\/\/hagasouvenir.se\/de\/wp-json\/wp\/v2\/product_tag?post=12618"}],"curies":[{"name":"wp","href":"https:\/\/api.w.org\/{rel}","templated":true}]}}