{"id":13476,"date":"2026-03-26T07:08:14","date_gmt":"2026-03-26T07:08:14","guid":{"rendered":"https:\/\/hagasouvenir.se\/?product=bricka-27x20-cm-goteborg-vit-svart-text"},"modified":"2026-03-26T07:08:14","modified_gmt":"2026-03-26T07:08:14","slug":"bricka-27x20-cm-goteborg-vit-svart-text","status":"publish","type":"product","link":"https:\/\/hagasouvenir.se\/de\/produkt-2\/bricka-27x20-cm-goteborg-vit-svart-text\/","title":{"rendered":"Tablett 27\u00d720 cm, G\u00f6teborg, wei\u00df\/schwarzer Text"},"content":{"rendered":"","protected":false},"excerpt":{"rendered":"","protected":false},"featured_media":7348,"comment_status":"open","ping_status":"closed","template":"","meta":[],"product_brand":[],"product_cat":[93,90],"product_tag":[],"class_list":{"0":"post-13476","1":"product","2":"type-product","3":"status-publish","4":"has-post-thumbnail","6":"product_cat-brickor-skarbrador","7":"product_cat-goteborgs-motiv","9":"first","10":"instock","11":"taxable","12":"shipping-taxable","13":"purchasable","14":"product-type-simple"},"jetpack_sharing_enabled":true,"_links":{"self":[{"href":"https:\/\/hagasouvenir.se\/de\/wp-json\/wp\/v2\/product\/13476","targetHints":{"allow":["GET"]}}],"collection":[{"href":"https:\/\/hagasouvenir.se\/de\/wp-json\/wp\/v2\/product"}],"about":[{"href":"https:\/\/hagasouvenir.se\/de\/wp-json\/wp\/v2\/types\/product"}],"replies":[{"embeddable":true,"href":"https:\/\/hagasouvenir.se\/de\/wp-json\/wp\/v2\/comments?post=13476"}],"wp:featuredmedia":[{"embeddable":true,"href":"https:\/\/hagasouvenir.se\/de\/wp-json\/wp\/v2\/media\/7348"}],"wp:attachment":[{"href":"https:\/\/hagasouvenir.se\/de\/wp-json\/wp\/v2\/media?parent=13476"}],"wp:term":[{"taxonomy":"product_brand","embeddable":true,"href":"https:\/\/hagasouvenir.se\/de\/wp-json\/wp\/v2\/product_brand?post=13476"},{"taxonomy":"product_cat","embeddable":true,"href":"https:\/\/hagasouvenir.se\/de\/wp-json\/wp\/v2\/product_cat?post=13476"},{"taxonomy":"product_tag","embeddable":true,"href":"https:\/\/hagasouvenir.se\/de\/wp-json\/wp\/v2\/product_tag?post=13476"}],"curies":[{"name":"wp","href":"https:\/\/api.w.org\/{rel}","templated":true}]}}