{"id":1004,"date":"2020-10-09T13:39:05","date_gmt":"2020-10-09T13:39:05","guid":{"rendered":"http:\/\/shoptimizer.local\/?page_id=848"},"modified":"2026-04-04T19:10:12","modified_gmt":"2026-04-04T19:10:12","slug":"about","status":"publish","type":"page","link":"https:\/\/hagasouvenir.se\/en\/about\/","title":{"rendered":"About"},"content":{"rendered":"<div data-elementor-type=\"wp-post\" data-elementor-id=\"1004\" class=\"elementor elementor-1004\">\n\t\t\t\t<div class=\"elementor-element elementor-element-e3cb2da e-flex e-con-boxed e-con e-parent\" data-id=\"e3cb2da\" data-element_type=\"container\" data-e-type=\"container\" data-settings=\"{&quot;background_background&quot;:&quot;classic&quot;}\">\n\t\t\t\t\t<div class=\"e-con-inner\">\n\t\t\t\t<div class=\"elementor-element elementor-element-1415ff1 elementor-widget elementor-widget-heading\" data-id=\"1415ff1\" data-element_type=\"widget\" data-e-type=\"widget\" data-widget_type=\"heading.default\">\n\t\t\t\t\t<h1 class=\"elementor-heading-title elementor-size-default\">Om Haga Souvenir<\/h1>\t\t\t\t<\/div>\n\t\t\t\t\t<\/div>\n\t\t\t\t<\/div>\n\t\t<div class=\"elementor-element elementor-element-aadb2f2 e-flex e-con-boxed e-con e-parent\" data-id=\"aadb2f2\" data-element_type=\"container\" data-e-type=\"container\">\n\t\t\t\t\t<div class=\"e-con-inner\">\n\t\t<div class=\"elementor-element elementor-element-9c06418 e-con-full e-flex e-con e-child\" data-id=\"9c06418\" data-element_type=\"container\" data-e-type=\"container\">\n\t\t\t\t<div class=\"elementor-element elementor-element-46ef298 elementor-widget elementor-widget-heading\" data-id=\"46ef298\" data-element_type=\"widget\" data-e-type=\"widget\" data-widget_type=\"heading.default\">\n\t\t\t\t\t<h2 class=\"elementor-heading-title elementor-size-default\"> Din destination f\u00f6r autentiska svenska presenter<\/h2>\t\t\t\t<\/div>\n\t\t\t\t<div class=\"elementor-element elementor-element-0c9bd68 elementor-widget elementor-widget-text-editor\" data-id=\"0c9bd68\" data-element_type=\"widget\" data-e-type=\"widget\" data-widget_type=\"text-editor.default\">\n\t\t\t\t\t\t\t\t\t<p>V\u00e4lkommen till <b data-path-to-node=\"0,4,1,0\" data-index-in-node=\"15\">Haga Souvenir<\/b>, en lokalt \u00e4lskad presentbutik inb\u00e4ddad l\u00e4ngs de ikoniska kullerstensgatorna p\u00e5 Haga Nygata. Om du utforskar G\u00f6teborgs historiska hj\u00e4rta \u00e4r v\u00e5r v\u00e4lkomnande butik det perfekta m\u00e5let f\u00f6r att hitta en minnesv\u00e4rd souvenir som f\u00e5ngar den sanna svenska andan.<\/p><div id=\"highlighter--hover-tools\" style=\"display: none;\"><div id=\"highlighter--hover-tools--container\"><div class=\"highlighter--icon highlighter--icon-copy\" title=\"Copy\">\u00a0<\/div><div class=\"highlighter--icon highlighter--icon-change-color\" title=\"Change Colour\">\u00a0<\/div><div class=\"highlighter--icon highlighter--icon-delete\" title=\"Delete\">\u00a0<\/div><\/div><\/div>\t\t\t\t\t\t\t\t<\/div>\n\t\t\t\t<div class=\"elementor-element elementor-element-4b10ba8 elementor-widget elementor-widget-button\" data-id=\"4b10ba8\" data-element_type=\"widget\" data-e-type=\"widget\" data-widget_type=\"button.default\">\n\t\t\t\t\t\t\t\t\t\t<a class=\"elementor-button elementor-button-link elementor-size-sm\" href=\"https:\/\/hagasouvenir.se\/en\/shop\/\">\n\t\t\t\t\t\t<span class=\"elementor-button-content-wrapper\">\n\t\t\t\t\t\t\t\t\t<span class=\"elementor-button-text\">Shop now<\/span>\n\t\t\t\t\t<\/span>\n\t\t\t\t\t<\/a>\n\t\t\t\t\t\t\t\t<\/div>\n\t\t\t\t<\/div>\n\t\t<div class=\"elementor-element elementor-element-a9ef630 e-con-full e-flex e-con e-child\" data-id=\"a9ef630\" data-element_type=\"container\" data-e-type=\"container\">\n\t\t\t\t<div class=\"elementor-element elementor-element-8c21427 elementor-widget elementor-widget-image\" data-id=\"8c21427\" data-element_type=\"widget\" data-e-type=\"widget\" data-widget_type=\"image.default\">\n\t\t\t\t\t\t\t\t\t\t\t\t\t\t\t<img fetchpriority=\"high\" decoding=\"async\" width=\"765\" height=\"1020\" src=\"https:\/\/hagasouvenir.se\/wp-content\/uploads\/unnamed-4.webp\" class=\"attachment-large size-large wp-image-14283\" alt=\"\" srcset=\"https:\/\/hagasouvenir.se\/wp-content\/uploads\/unnamed-4.webp 765w, https:\/\/hagasouvenir.se\/wp-content\/uploads\/unnamed-4-225x300.webp 225w, https:\/\/hagasouvenir.se\/wp-content\/uploads\/unnamed-4-9x12.webp 9w, https:\/\/hagasouvenir.se\/wp-content\/uploads\/unnamed-4-441x588.webp 441w, https:\/\/hagasouvenir.se\/wp-content\/uploads\/unnamed-4-150x200.webp 150w\" sizes=\"(max-width: 765px) 100vw, 765px\" \/>\t\t\t\t\t\t\t\t\t\t\t\t\t\t\t<\/div>\n\t\t\t\t<\/div>\n\t\t\t\t\t<\/div>\n\t\t\t\t<\/div>\n\t\t<div class=\"elementor-element elementor-element-d4e92c1 e-flex e-con-boxed e-con e-parent\" data-id=\"d4e92c1\" data-element_type=\"container\" data-e-type=\"container\">\n\t\t\t\t\t<div class=\"e-con-inner\">\n\t\t<div class=\"elementor-element elementor-element-f4c1bf3 e-con-full e-flex e-con e-child\" data-id=\"f4c1bf3\" data-element_type=\"container\" data-e-type=\"container\">\n\t\t\t\t<div class=\"elementor-element elementor-element-12c80dd elementor-widget elementor-widget-image\" data-id=\"12c80dd\" data-element_type=\"widget\" data-e-type=\"widget\" data-widget_type=\"image.default\">\n\t\t\t\t\t\t\t\t\t\t\t\t\t\t\t<img decoding=\"async\" width=\"765\" height=\"1020\" src=\"https:\/\/hagasouvenir.se\/wp-content\/uploads\/2025-10-23.webp\" class=\"attachment-large size-large wp-image-14279\" alt=\"\" srcset=\"https:\/\/hagasouvenir.se\/wp-content\/uploads\/2025-10-23.webp 765w, https:\/\/hagasouvenir.se\/wp-content\/uploads\/2025-10-23-225x300.webp 225w, https:\/\/hagasouvenir.se\/wp-content\/uploads\/2025-10-23-9x12.webp 9w, https:\/\/hagasouvenir.se\/wp-content\/uploads\/2025-10-23-441x588.webp 441w, https:\/\/hagasouvenir.se\/wp-content\/uploads\/2025-10-23-150x200.webp 150w\" sizes=\"(max-width: 765px) 100vw, 765px\" \/>\t\t\t\t\t\t\t\t\t\t\t\t\t\t\t<\/div>\n\t\t\t\t<\/div>\n\t\t<div class=\"elementor-element elementor-element-382d894 e-con-full e-flex e-con e-child\" data-id=\"382d894\" data-element_type=\"container\" data-e-type=\"container\">\n\t\t\t\t<div class=\"elementor-element elementor-element-ae8345c elementor-widget elementor-widget-heading\" data-id=\"ae8345c\" data-element_type=\"widget\" data-e-type=\"widget\" data-widget_type=\"heading.default\">\n\t\t\t\t\t<h2 class=\"elementor-heading-title elementor-size-default\">En tradition av kvalitet p\u00e5 Haga Nygata<\/h2>\t\t\t\t<\/div>\n\t\t\t\t<div class=\"elementor-element elementor-element-850587a elementor-widget elementor-widget-text-editor\" data-id=\"850587a\" data-element_type=\"widget\" data-e-type=\"widget\" data-widget_type=\"text-editor.default\">\n\t\t\t\t\t\t\t\t\t<p>Vi anser att en souvenir b\u00f6r vara mer \u00e4n bara en prydnadssak; den ska vara ett varaktigt minne fr\u00e5n dina resor. Det \u00e4r d\u00e4rf\u00f6r v\u00e5r souvenirbutik i G\u00f6teborg fokuserar p\u00e5 att erbjuda ett noggrant utvalt sortiment av h\u00f6gkvalitativa varor. Fr\u00e5n det \u00f6gonblick du kliver in genom v\u00e5ra d\u00f6rrar m\u00f6ts du av en varm atmosf\u00e4r och en m\u00e5ngsidig kollektion av autentiska svenska produkter.<\/p><p>Oavsett om du handlar till dig sj\u00e4lv eller letar efter den perfekta presenten till n\u00e4ra och k\u00e4ra d\u00e4r hemma, \u00e4r v\u00e5ra hyllor fyllda med unika fynd.<\/p>\n<div id=\"highlighter--hover-tools\" style=\"display: none;\">\n<div id=\"highlighter--hover-tools--container\">\n<div class=\"highlighter--icon highlighter--icon-copy\" title=\"Copy\">&nbsp;<\/div>\n<div class=\"highlighter--icon highlighter--icon-change-color\" title=\"Change Colour\">&nbsp;<\/div>\n<div class=\"highlighter--icon highlighter--icon-delete\" title=\"Delete\">&nbsp;<\/div>\n<\/div>\n<\/div>\n<div id=\"highlighter--hover-tools\" style=\"display: none;\">\n<div id=\"highlighter--hover-tools--container\">\n<div class=\"highlighter--icon highlighter--icon-copy\" title=\"Copy\">&nbsp;<\/div>\n<div class=\"highlighter--icon highlighter--icon-change-color\" title=\"Change Colour\">&nbsp;<\/div>\n<div class=\"highlighter--icon highlighter--icon-delete\" title=\"Delete\">&nbsp;<\/div>\n<\/div>\n<\/div>\t\t\t\t\t\t\t\t<\/div>\n\t\t\t\t<div class=\"elementor-element elementor-element-ad7e51c elementor-widget elementor-widget-button\" data-id=\"ad7e51c\" data-element_type=\"widget\" data-e-type=\"widget\" data-widget_type=\"button.default\">\n\t\t\t\t\t\t\t\t\t\t<a class=\"elementor-button elementor-button-link elementor-size-sm\" href=\"https:\/\/hagasouvenir.se\/en\/shop\/\">\n\t\t\t\t\t\t<span class=\"elementor-button-content-wrapper\">\n\t\t\t\t\t\t\t\t\t<span class=\"elementor-button-text\">Shop now<\/span>\n\t\t\t\t\t<\/span>\n\t\t\t\t\t<\/a>\n\t\t\t\t\t\t\t\t<\/div>\n\t\t\t\t<\/div>\n\t\t\t\t\t<\/div>\n\t\t\t\t<\/div>\n\t\t<div class=\"elementor-element elementor-element-9d1dc0b e-flex e-con-boxed e-con e-parent\" data-id=\"9d1dc0b\" data-element_type=\"container\" data-e-type=\"container\">\n\t\t\t\t\t<div class=\"e-con-inner\">\n\t\t<div class=\"elementor-element elementor-element-9842fdb e-con-full e-flex e-con e-child\" data-id=\"9842fdb\" data-element_type=\"container\" data-e-type=\"container\">\n\t\t\t\t<div class=\"elementor-element elementor-element-baeee88 elementor-widget elementor-widget-heading\" data-id=\"baeee88\" data-element_type=\"widget\" data-e-type=\"widget\" data-widget_type=\"heading.default\">\n\t\t\t\t\t<h2 class=\"elementor-heading-title elementor-size-default\">Bring Home a Piece of Sweden<\/h2>\t\t\t\t<\/div>\n\t\t\t\t<div class=\"elementor-element elementor-element-7ae5865 elementor-widget elementor-widget-text-editor\" data-id=\"7ae5865\" data-element_type=\"widget\" data-e-type=\"widget\" data-widget_type=\"text-editor.default\">\n\t\t\t\t\t\t\t\t\t<p>Located in the heart of historic Gothenburg, Haga Souvenir Shop is a highly recommended stop for travelers.\u00a0<\/p><p>We are proud to offer a warm, welcoming atmosphere and authentic Swedish gifts.<\/p>\t\t\t\t\t\t\t\t<\/div>\n\t\t\t\t<div class=\"elementor-element elementor-element-690d38b elementor-widget elementor-widget-heading\" data-id=\"690d38b\" data-element_type=\"widget\" data-e-type=\"widget\" data-widget_type=\"heading.default\">\n\t\t\t\t\t<h4 class=\"elementor-heading-title elementor-size-default\">Why Choose Hagasouvenir?<\/h4>\t\t\t\t<\/div>\n\t\t\t\t<div class=\"elementor-element elementor-element-62e4817 elementor-position-inline-start elementor-mobile-position-inline-start elementor-view-stacked elementor-shape-circle elementor-widget elementor-widget-icon-box\" data-id=\"62e4817\" data-element_type=\"widget\" data-e-type=\"widget\" data-widget_type=\"icon-box.default\">\n\t\t\t\t\t\t\t<div class=\"elementor-icon-box-wrapper\">\n\n\t\t\t\t\t\t<div class=\"elementor-icon-box-icon\">\n\t\t\t\t<span  class=\"elementor-icon\">\n\t\t\t\t<svg aria-hidden=\"true\" class=\"e-font-icon-svg e-fas-check\" viewbox=\"0 0 512 512\" xmlns=\"http:\/\/www.w3.org\/2000\/svg\"><path d=\"M173.898 439.404l-166.4-166.4c-9.997-9.997-9.997-26.206 0-36.204l36.203-36.204c9.997-9.998 26.207-9.998 36.204 0L192 312.69 432.095 72.596c9.997-9.997 26.207-9.997 36.204 0l36.203 36.204c9.997 9.997 9.997 26.206 0 36.204l-294.4 294.401c-9.998 9.997-26.207 9.997-36.204-.001z\"><\/path><\/svg>\t\t\t\t<\/span>\n\t\t\t<\/div>\n\t\t\t\n\t\t\t\t\t\t<div class=\"elementor-icon-box-content\">\n\n\t\t\t\t\t\t\t\t\t<h3 class=\"elementor-icon-box-title\">\n\t\t\t\t\t\t<span  >\n\t\t\t\t\t\t\tCurated Selection\t\t\t\t\t\t<\/span>\n\t\t\t\t\t<\/h3>\n\t\t\t\t\n\t\t\t\t\t\t\t\t\t<p class=\"elementor-icon-box-description\">\n\t\t\t\t\t\tDiscover high-quality, traditional Dala horses, handmade soaps, cozy apparel, and unique trinkets.\t\t\t\t\t<\/p>\n\t\t\t\t\n\t\t\t<\/div>\n\t\t\t\n\t\t<\/div>\n\t\t\t\t\t\t<\/div>\n\t\t\t\t<div class=\"elementor-element elementor-element-5c4ecb3 elementor-position-inline-start elementor-mobile-position-inline-start elementor-view-stacked elementor-shape-circle elementor-widget elementor-widget-icon-box\" data-id=\"5c4ecb3\" data-element_type=\"widget\" data-e-type=\"widget\" data-widget_type=\"icon-box.default\">\n\t\t\t\t\t\t\t<div class=\"elementor-icon-box-wrapper\">\n\n\t\t\t\t\t\t<div class=\"elementor-icon-box-icon\">\n\t\t\t\t<span  class=\"elementor-icon\">\n\t\t\t\t<svg aria-hidden=\"true\" class=\"e-font-icon-svg e-fas-heart\" viewbox=\"0 0 512 512\" xmlns=\"http:\/\/www.w3.org\/2000\/svg\"><path d=\"M462.3 62.6C407.5 15.9 326 24.3 275.7 76.2L256 96.5l-19.7-20.3C186.1 24.3 104.5 15.9 49.7 62.6c-62.8 53.6-66.1 149.8-9.9 207.9l193.5 199.8c12.5 12.9 32.8 12.9 45.3 0l193.5-199.8c56.3-58.1 53-154.3-9.8-207.9z\"><\/path><\/svg>\t\t\t\t<\/span>\n\t\t\t<\/div>\n\t\t\t\n\t\t\t\t\t\t<div class=\"elementor-icon-box-content\">\n\n\t\t\t\t\t\t\t\t\t<h3 class=\"elementor-icon-box-title\">\n\t\t\t\t\t\t<span  >\n\t\t\t\t\t\t\tExceptional Care\t\t\t\t\t\t<\/span>\n\t\t\t\t\t<\/h3>\n\t\t\t\t\n\t\t\t\t\t\t\t\t\t<p class=\"elementor-icon-box-description\">\n\t\t\t\t\t\tEnjoy friendly service with thoughtful touches, including secure bubble-wrapping so your fragile items travel home safely.\t\t\t\t\t<\/p>\n\t\t\t\t\n\t\t\t<\/div>\n\t\t\t\n\t\t<\/div>\n\t\t\t\t\t\t<\/div>\n\t\t\t\t<div class=\"elementor-element elementor-element-c0193e8 elementor-position-inline-start elementor-mobile-position-inline-start elementor-view-stacked elementor-shape-circle elementor-widget elementor-widget-icon-box\" data-id=\"c0193e8\" data-element_type=\"widget\" data-e-type=\"widget\" data-widget_type=\"icon-box.default\">\n\t\t\t\t\t\t\t<div class=\"elementor-icon-box-wrapper\">\n\n\t\t\t\t\t\t<div class=\"elementor-icon-box-icon\">\n\t\t\t\t<span  class=\"elementor-icon\">\n\t\t\t\t<svg aria-hidden=\"true\" class=\"e-font-icon-svg e-fas-star\" viewbox=\"0 0 576 512\" xmlns=\"http:\/\/www.w3.org\/2000\/svg\"><path d=\"M259.3 17.8L194 150.2 47.9 171.5c-26.2 3.8-36.7 36.1-17.7 54.6l105.7 103-25 145.5c-4.5 26.3 23.2 46 46.4 33.7L288 439.6l130.7 68.7c23.2 12.2 50.9-7.4 46.4-33.7l-25-145.5 105.7-103c19-18.5 8.5-50.8-17.7-54.6L382 150.2 316.7 17.8c-11.7-23.6-45.6-23.9-57.4 0z\"><\/path><\/svg>\t\t\t\t<\/span>\n\t\t\t<\/div>\n\t\t\t\n\t\t\t\t\t\t<div class=\"elementor-icon-box-content\">\n\n\t\t\t\t\t\t\t\t\t<h3 class=\"elementor-icon-box-title\">\n\t\t\t\t\t\t<span  >\n\t\t\t\t\t\t\tPrime Location\t\t\t\t\t\t<\/span>\n\t\t\t\t\t<\/h3>\n\t\t\t\t\n\t\t\t\t\t\t\t\t\t<p class=\"elementor-icon-box-description\">\n\t\t\t\t\t\tConveniently nestled in the Haga district, making it an easy, must-do stop between local cafes and sightseeing.\t\t\t\t\t<\/p>\n\t\t\t\t\n\t\t\t<\/div>\n\t\t\t\n\t\t<\/div>\n\t\t\t\t\t\t<\/div>\n\t\t\t\t<\/div>\n\t\t<div class=\"elementor-element elementor-element-b54ce65 e-con-full e-flex e-con e-child\" data-id=\"b54ce65\" data-element_type=\"container\" data-e-type=\"container\">\n\t\t\t\t<div class=\"elementor-element elementor-element-6c97044 elementor-widget elementor-widget-image\" data-id=\"6c97044\" data-element_type=\"widget\" data-e-type=\"widget\" data-widget_type=\"image.default\">\n\t\t\t\t\t\t\t\t\t\t\t\t\t\t\t<img decoding=\"async\" width=\"1024\" height=\"768\" src=\"https:\/\/hagasouvenir.se\/wp-content\/uploads\/unnamed-1-1024x768.webp\" class=\"attachment-large size-large wp-image-14280\" alt=\"\" srcset=\"https:\/\/hagasouvenir.se\/wp-content\/uploads\/unnamed-1-1024x768.webp 1024w, https:\/\/hagasouvenir.se\/wp-content\/uploads\/unnamed-1-300x225.webp 300w, https:\/\/hagasouvenir.se\/wp-content\/uploads\/unnamed-1-768x576.webp 768w, https:\/\/hagasouvenir.se\/wp-content\/uploads\/unnamed-1-16x12.webp 16w, https:\/\/hagasouvenir.se\/wp-content\/uploads\/unnamed-1-990x743.webp 990w, https:\/\/hagasouvenir.se\/wp-content\/uploads\/unnamed-1-441x331.webp 441w, https:\/\/hagasouvenir.se\/wp-content\/uploads\/unnamed-1-800x600.webp 800w, https:\/\/hagasouvenir.se\/wp-content\/uploads\/unnamed-1-150x113.webp 150w, https:\/\/hagasouvenir.se\/wp-content\/uploads\/unnamed-1.webp 1360w\" sizes=\"(max-width: 1024px) 100vw, 1024px\" \/>\t\t\t\t\t\t\t\t\t\t\t\t\t\t\t<\/div>\n\t\t\t\t<\/div>\n\t\t\t\t\t<\/div>\n\t\t\t\t<\/div>\n\t\t<div class=\"elementor-element elementor-element-91dd471 e-flex e-con-boxed e-con e-parent\" data-id=\"91dd471\" data-element_type=\"container\" data-e-type=\"container\">\n\t\t\t\t\t<div class=\"e-con-inner\">\n\t\t\t\t<div class=\"elementor-element elementor-element-240fa52 elementor-widget elementor-widget-html\" data-id=\"240fa52\" data-element_type=\"widget\" data-e-type=\"widget\" data-widget_type=\"html.default\">\n\t\t\t\t\t<iframe src=\"https:\/\/www.google.com\/maps\/embed?pb=!1m18!1m12!1m3!1d503.10081832436845!2d11.95840875580688!3d57.698333519705564!2m3!1f0!2f0!3f0!3m2!1i1024!2i768!4f13.1!3m3!1m2!1s0x464ff3b9b2d12121%3A0xe968c315095613f8!2sHaga%20Souvenir%20shop%20Gothenburg!5e0!3m2!1sen!2s!4v1772794120539!5m2!1sen!2s\" width=\"600\" height=\"300\" style=\"border:0;\" allowfullscreen=\"\" loading=\"lazy\" referrerpolicy=\"no-referrer-when-downgrade\"><\/iframe>\t\t\t\t<\/div>\n\t\t\t\t\t<\/div>\n\t\t\t\t<\/div>\n\t\t\t\t<\/div>","protected":false},"excerpt":{"rendered":"<p>Om Haga Souvenir Din destination f\u00f6r autentiska svenska presenter V\u00e4lkommen till Haga Souvenir, en lokalt \u00e4lskad presentbutik inb\u00e4ddad l\u00e4ngs de ikoniska kullerstensgatorna p\u00e5 Haga Nygata. Om du utforskar G\u00f6teborgs historiska hj\u00e4rta \u00e4r v\u00e5r v\u00e4lkomnande butik det perfekta m\u00e5let f\u00f6r att hitta en minnesv\u00e4rd souvenir som f\u00e5ngar den sanna svenska andan. \u00a0\u00a0\u00a0 Shop now En tradition [&hellip;]<\/p>\n","protected":false},"author":1,"featured_media":0,"parent":0,"menu_order":0,"comment_status":"closed","ping_status":"closed","template":"elementor_header_footer","meta":{"footnotes":""},"class_list":["post-1004","page","type-page","status-publish","hentry"],"jetpack_sharing_enabled":true,"_links":{"self":[{"href":"https:\/\/hagasouvenir.se\/en\/wp-json\/wp\/v2\/pages\/1004","targetHints":{"allow":["GET"]}}],"collection":[{"href":"https:\/\/hagasouvenir.se\/en\/wp-json\/wp\/v2\/pages"}],"about":[{"href":"https:\/\/hagasouvenir.se\/en\/wp-json\/wp\/v2\/types\/page"}],"author":[{"embeddable":true,"href":"https:\/\/hagasouvenir.se\/en\/wp-json\/wp\/v2\/users\/1"}],"replies":[{"embeddable":true,"href":"https:\/\/hagasouvenir.se\/en\/wp-json\/wp\/v2\/comments?post=1004"}],"version-history":[{"count":19,"href":"https:\/\/hagasouvenir.se\/en\/wp-json\/wp\/v2\/pages\/1004\/revisions"}],"predecessor-version":[{"id":14287,"href":"https:\/\/hagasouvenir.se\/en\/wp-json\/wp\/v2\/pages\/1004\/revisions\/14287"}],"wp:attachment":[{"href":"https:\/\/hagasouvenir.se\/en\/wp-json\/wp\/v2\/media?parent=1004"}],"curies":[{"name":"wp","href":"https:\/\/api.w.org\/{rel}","templated":true}]}}