{"id":12211,"date":"2026-03-26T07:05:47","date_gmt":"2026-03-26T07:05:47","guid":{"rendered":"https:\/\/hagasouvenir.se\/?product=planbok-marrans-kvallpromenad-svart"},"modified":"2026-03-26T07:05:47","modified_gmt":"2026-03-26T07:05:47","slug":"planbok-marrans-kvallpromenad-svart","status":"publish","type":"product","link":"https:\/\/hagasouvenir.se\/en\/product\/planbok-marrans-kvallpromenad-svart\/","title":{"rendered":"Pl\u00e5nbok: M\u00e5rrans kv\u00e4llpromenad, svart"},"content":{"rendered":"","protected":false},"excerpt":{"rendered":"","protected":false},"featured_media":7529,"comment_status":"open","ping_status":"closed","template":"","meta":[],"product_brand":[],"product_cat":[51],"product_tag":[],"class_list":{"0":"post-12211","1":"product","2":"type-product","3":"status-publish","4":"has-post-thumbnail","6":"product_cat-moomin-produkter","8":"first","9":"instock","10":"taxable","11":"shipping-taxable","12":"purchasable","13":"product-type-simple"},"jetpack_sharing_enabled":true,"_links":{"self":[{"href":"https:\/\/hagasouvenir.se\/en\/wp-json\/wp\/v2\/product\/12211","targetHints":{"allow":["GET"]}}],"collection":[{"href":"https:\/\/hagasouvenir.se\/en\/wp-json\/wp\/v2\/product"}],"about":[{"href":"https:\/\/hagasouvenir.se\/en\/wp-json\/wp\/v2\/types\/product"}],"replies":[{"embeddable":true,"href":"https:\/\/hagasouvenir.se\/en\/wp-json\/wp\/v2\/comments?post=12211"}],"wp:featuredmedia":[{"embeddable":true,"href":"https:\/\/hagasouvenir.se\/en\/wp-json\/wp\/v2\/media\/7529"}],"wp:attachment":[{"href":"https:\/\/hagasouvenir.se\/en\/wp-json\/wp\/v2\/media?parent=12211"}],"wp:term":[{"taxonomy":"product_brand","embeddable":true,"href":"https:\/\/hagasouvenir.se\/en\/wp-json\/wp\/v2\/product_brand?post=12211"},{"taxonomy":"product_cat","embeddable":true,"href":"https:\/\/hagasouvenir.se\/en\/wp-json\/wp\/v2\/product_cat?post=12211"},{"taxonomy":"product_tag","embeddable":true,"href":"https:\/\/hagasouvenir.se\/en\/wp-json\/wp\/v2\/product_tag?post=12211"}],"curies":[{"name":"wp","href":"https:\/\/api.w.org\/{rel}","templated":true}]}}