{"id":12427,"date":"2026-03-26T07:06:11","date_gmt":"2026-03-26T07:06:11","guid":{"rendered":"https:\/\/hagasouvenir.se\/?product=mugg-stengods-goteborg-morkbla"},"modified":"2026-03-26T07:06:11","modified_gmt":"2026-03-26T07:06:11","slug":"mugg-stengods-goteborg-morkbla","status":"publish","type":"product","link":"https:\/\/hagasouvenir.se\/en\/product\/mugg-stengods-goteborg-morkbla\/","title":{"rendered":"Mugg stengods G\u00f6teborg m\u00f6rkbl\u00e5"},"content":{"rendered":"","protected":false},"excerpt":{"rendered":"","protected":false},"featured_media":7368,"comment_status":"open","ping_status":"closed","template":"","meta":[],"product_brand":[],"product_cat":[62],"product_tag":[],"class_list":{"0":"post-12427","1":"product","2":"type-product","3":"status-publish","4":"has-post-thumbnail","6":"product_cat-muggar","8":"first","9":"instock","10":"taxable","11":"shipping-taxable","12":"purchasable","13":"product-type-simple"},"jetpack_sharing_enabled":true,"_links":{"self":[{"href":"https:\/\/hagasouvenir.se\/en\/wp-json\/wp\/v2\/product\/12427","targetHints":{"allow":["GET"]}}],"collection":[{"href":"https:\/\/hagasouvenir.se\/en\/wp-json\/wp\/v2\/product"}],"about":[{"href":"https:\/\/hagasouvenir.se\/en\/wp-json\/wp\/v2\/types\/product"}],"replies":[{"embeddable":true,"href":"https:\/\/hagasouvenir.se\/en\/wp-json\/wp\/v2\/comments?post=12427"}],"wp:featuredmedia":[{"embeddable":true,"href":"https:\/\/hagasouvenir.se\/en\/wp-json\/wp\/v2\/media\/7368"}],"wp:attachment":[{"href":"https:\/\/hagasouvenir.se\/en\/wp-json\/wp\/v2\/media?parent=12427"}],"wp:term":[{"taxonomy":"product_brand","embeddable":true,"href":"https:\/\/hagasouvenir.se\/en\/wp-json\/wp\/v2\/product_brand?post=12427"},{"taxonomy":"product_cat","embeddable":true,"href":"https:\/\/hagasouvenir.se\/en\/wp-json\/wp\/v2\/product_cat?post=12427"},{"taxonomy":"product_tag","embeddable":true,"href":"https:\/\/hagasouvenir.se\/en\/wp-json\/wp\/v2\/product_tag?post=12427"}],"curies":[{"name":"wp","href":"https:\/\/api.w.org\/{rel}","templated":true}]}}