{"id":12434,"date":"2026-03-26T07:06:12","date_gmt":"2026-03-26T07:06:12","guid":{"rendered":"https:\/\/hagasouvenir.se\/?product=mugg-alg-sweden-tvaton-morkgron"},"modified":"2026-03-26T07:06:12","modified_gmt":"2026-03-26T07:06:12","slug":"mugg-alg-sweden-tvaton-morkgron","status":"publish","type":"product","link":"https:\/\/hagasouvenir.se\/en\/product\/mugg-alg-sweden-tvaton-morkgron\/","title":{"rendered":"Mugg \u00e4lg Sweden, tv\u00e5ton m\u00f6rkgr\u00f6n"},"content":{"rendered":"","protected":false},"excerpt":{"rendered":"","protected":false},"featured_media":7454,"comment_status":"open","ping_status":"closed","template":"","meta":[],"product_brand":[],"product_cat":[62],"product_tag":[],"class_list":{"0":"post-12434","1":"product","2":"type-product","3":"status-publish","4":"has-post-thumbnail","6":"product_cat-muggar","8":"first","9":"instock","10":"taxable","11":"shipping-taxable","12":"purchasable","13":"product-type-simple"},"jetpack_sharing_enabled":true,"_links":{"self":[{"href":"https:\/\/hagasouvenir.se\/en\/wp-json\/wp\/v2\/product\/12434","targetHints":{"allow":["GET"]}}],"collection":[{"href":"https:\/\/hagasouvenir.se\/en\/wp-json\/wp\/v2\/product"}],"about":[{"href":"https:\/\/hagasouvenir.se\/en\/wp-json\/wp\/v2\/types\/product"}],"replies":[{"embeddable":true,"href":"https:\/\/hagasouvenir.se\/en\/wp-json\/wp\/v2\/comments?post=12434"}],"wp:featuredmedia":[{"embeddable":true,"href":"https:\/\/hagasouvenir.se\/en\/wp-json\/wp\/v2\/media\/7454"}],"wp:attachment":[{"href":"https:\/\/hagasouvenir.se\/en\/wp-json\/wp\/v2\/media?parent=12434"}],"wp:term":[{"taxonomy":"product_brand","embeddable":true,"href":"https:\/\/hagasouvenir.se\/en\/wp-json\/wp\/v2\/product_brand?post=12434"},{"taxonomy":"product_cat","embeddable":true,"href":"https:\/\/hagasouvenir.se\/en\/wp-json\/wp\/v2\/product_cat?post=12434"},{"taxonomy":"product_tag","embeddable":true,"href":"https:\/\/hagasouvenir.se\/en\/wp-json\/wp\/v2\/product_tag?post=12434"}],"curies":[{"name":"wp","href":"https:\/\/api.w.org\/{rel}","templated":true}]}}