{"id":12640,"date":"2026-03-26T07:06:35","date_gmt":"2026-03-26T07:06:35","guid":{"rendered":"https:\/\/hagasouvenir.se\/?product=mumin-bordsunderlagg-lilla-my-pa-angen"},"modified":"2026-03-26T07:06:35","modified_gmt":"2026-03-26T07:06:35","slug":"mumin-bordsunderlagg-lilla-my-pa-angen","status":"publish","type":"product","link":"https:\/\/hagasouvenir.se\/en\/product\/mumin-bordsunderlagg-lilla-my-pa-angen\/","title":{"rendered":"Mumin Bordsunderl\u00e4gg &#8211; Lilla My p\u00e5 \u00e4ngen"},"content":{"rendered":"","protected":false},"excerpt":{"rendered":"","protected":false},"featured_media":8214,"comment_status":"open","ping_status":"closed","template":"","meta":[],"product_brand":[],"product_cat":[51],"product_tag":[],"class_list":{"0":"post-12640","1":"product","2":"type-product","3":"status-publish","4":"has-post-thumbnail","6":"product_cat-moomin-produkter","8":"first","9":"instock","10":"shipping-taxable","11":"purchasable","12":"product-type-simple"},"jetpack_sharing_enabled":true,"_links":{"self":[{"href":"https:\/\/hagasouvenir.se\/en\/wp-json\/wp\/v2\/product\/12640","targetHints":{"allow":["GET"]}}],"collection":[{"href":"https:\/\/hagasouvenir.se\/en\/wp-json\/wp\/v2\/product"}],"about":[{"href":"https:\/\/hagasouvenir.se\/en\/wp-json\/wp\/v2\/types\/product"}],"replies":[{"embeddable":true,"href":"https:\/\/hagasouvenir.se\/en\/wp-json\/wp\/v2\/comments?post=12640"}],"wp:featuredmedia":[{"embeddable":true,"href":"https:\/\/hagasouvenir.se\/en\/wp-json\/wp\/v2\/media\/8214"}],"wp:attachment":[{"href":"https:\/\/hagasouvenir.se\/en\/wp-json\/wp\/v2\/media?parent=12640"}],"wp:term":[{"taxonomy":"product_brand","embeddable":true,"href":"https:\/\/hagasouvenir.se\/en\/wp-json\/wp\/v2\/product_brand?post=12640"},{"taxonomy":"product_cat","embeddable":true,"href":"https:\/\/hagasouvenir.se\/en\/wp-json\/wp\/v2\/product_cat?post=12640"},{"taxonomy":"product_tag","embeddable":true,"href":"https:\/\/hagasouvenir.se\/en\/wp-json\/wp\/v2\/product_tag?post=12640"}],"curies":[{"name":"wp","href":"https:\/\/api.w.org\/{rel}","templated":true}]}}